{"id":36,"date":"2016-06-29T10:42:54","date_gmt":"2016-06-29T10:42:54","guid":{"rendered":"http:\/\/glanzschuppen.be\/?page_id=36"},"modified":"2023-03-16T18:45:52","modified_gmt":"2023-03-16T17:45:52","slug":"was-wir-tun","status":"publish","type":"page","link":"https:\/\/glanzschuppen.be\/?page_id=36","title":{"rendered":"Was machen wir?"},"content":{"rendered":"<ul>\n<li><em><strong>Instandsetzung &amp; Lackierung<\/strong><\/em><\/li>\n<\/ul>\n<p>&nbsp;<\/p>\n<ul>\n<li><em><strong>Fahrzeugaufbereitung:<\/strong><\/em><\/li>\n<\/ul>\n<p>Mit der Zeit nutzt der Fahrzeuglack durch Witterung, Waschanlagen und vielen anderen Umwelteinfl\u00fc<span class=\"text_exposed_show\">ssen ab, wird glanzlos und stumpf.<br \/>\nBei einer professionellen Aufbereitung werden kleine Kratzer entfernt und der Lack aufgefrischt und versiegelt.<\/span><\/p>\n<p>Auch Fahrzeugsitze, Teppiche und Plastikteile verlieren durch Verunreinigung ihre urspr\u00fcngliche Farbe und k\u00f6nnen durch eine spezielle Reinigung zu neuem &#8222;Glanz&#8220; zur\u00fcckfinden.<\/p>\n<ul>\n<li><span class=\"text_exposed_show\"><strong><em>Fahrzeugdepot:<\/em><\/strong><\/span><\/li>\n<\/ul>\n<p>Ich biete Ihnen die M\u00f6glichkeit Ihr Saison-Fahrzeug, Oldtimer, Motorrad oder \u00c4hnliches in einer ger\u00e4umigen Halle mit entsprechenden Sicherheitsvorrichtungen unterzustellen.<br \/>\nZudem k\u00f6nnen auf Kundenwunsch Sonderleistungen wie Reifendruckkontrolle, Fahrzeugabdeckung, Anschluss eines Batteriew\u00e4chters, Fahrzeugreinigung uvm. ausgef\u00fchrt werden.<br \/>\nDesweiteren biete Ich Ihnen Au\u00dfenstellpl\u00e4tze f\u00fcr Wohnwagen und Anh\u00e4nger.<\/p>\n<p>F\u00fcr weitere Informationen stehe ich Ihnen gerne pers\u00f6nlich zur Verf\u00fcgung.<\/p>\n","protected":false},"excerpt":{"rendered":"<p>Instandsetzung &amp; Lackierung &nbsp; Fahrzeugaufbereitung: Mit der Zeit nutzt der Fahrzeuglack durch Witterung, Waschanlagen und vielen anderen Umwelteinfl\u00fcssen ab, wird glanzlos und stumpf. Bei einer professionellen Aufbereitung werden kleine Kratzer entfernt und der Lack aufgefrischt und versiegelt. Auch Fahrzeugsitze, Teppiche und Plastikteile verlieren durch Verunreinigung ihre urspr\u00fcngliche Farbe und k\u00f6nnen durch eine spezielle Reinigung zu &hellip; <a href=\"https:\/\/glanzschuppen.be\/?page_id=36\" class=\"more-link\"><span class=\"screen-reader-text\">Was machen wir?<\/span> weiterlesen<\/a><\/p>\n","protected":false},"author":3,"featured_media":0,"parent":0,"menu_order":0,"comment_status":"closed","ping_status":"closed","template":"","meta":{"footnotes":""},"_links":{"self":[{"href":"https:\/\/glanzschuppen.be\/index.php?rest_route=\/wp\/v2\/pages\/36"}],"collection":[{"href":"https:\/\/glanzschuppen.be\/index.php?rest_route=\/wp\/v2\/pages"}],"about":[{"href":"https:\/\/glanzschuppen.be\/index.php?rest_route=\/wp\/v2\/types\/page"}],"author":[{"embeddable":true,"href":"https:\/\/glanzschuppen.be\/index.php?rest_route=\/wp\/v2\/users\/3"}],"replies":[{"embeddable":true,"href":"https:\/\/glanzschuppen.be\/index.php?rest_route=%2Fwp%2Fv2%2Fcomments&post=36"}],"version-history":[{"count":5,"href":"https:\/\/glanzschuppen.be\/index.php?rest_route=\/wp\/v2\/pages\/36\/revisions"}],"predecessor-version":[{"id":199,"href":"https:\/\/glanzschuppen.be\/index.php?rest_route=\/wp\/v2\/pages\/36\/revisions\/199"}],"wp:attachment":[{"href":"https:\/\/glanzschuppen.be\/index.php?rest_route=%2Fwp%2Fv2%2Fmedia&parent=36"}],"curies":[{"name":"wp","href":"https:\/\/api.w.org\/{rel}","templated":true}]}}